{"id":2220,"date":"2022-04-25T10:29:46","date_gmt":"2022-04-25T08:29:46","guid":{"rendered":"https:\/\/litios.online\/impressum\/"},"modified":"2025-07-17T11:35:32","modified_gmt":"2025-07-17T09:35:32","slug":"imprimir","status":"publish","type":"page","link":"https:\/\/litios.online\/es\/imprimir\/","title":{"rendered":"Imprimir"},"content":{"rendered":"\t\t<div data-elementor-type=\"wp-page\" data-elementor-id=\"2220\" class=\"elementor elementor-2220 elementor-1415\" data-elementor-post-type=\"page\">\n\t\t\t\t\t\t<section class=\"elementor-section elementor-top-section elementor-element elementor-element-5523e1fd elementor-section-boxed elementor-section-height-default elementor-section-height-default\" data-id=\"5523e1fd\" data-element_type=\"section\" data-e-type=\"section\">\n\t\t\t\t\t\t<div class=\"elementor-container elementor-column-gap-default\">\n\t\t\t\t\t<div class=\"elementor-column elementor-col-100 elementor-top-column elementor-element elementor-element-19259316\" data-id=\"19259316\" data-element_type=\"column\" data-e-type=\"column\">\n\t\t\t<div class=\"elementor-widget-wrap elementor-element-populated\">\n\t\t\t\t\t\t<div class=\"elementor-element elementor-element-1ebf71d elementor-widget elementor-widget-heading\" data-id=\"1ebf71d\" data-element_type=\"widget\" data-e-type=\"widget\" data-widget_type=\"heading.default\">\n\t\t\t\t<div class=\"elementor-widget-container\">\n\t\t\t\t\t<h1 class=\"elementor-heading-title elementor-size-default\">Imprimir<\/h1>\t\t\t\t<\/div>\n\t\t\t\t<\/div>\n\t\t\t\t<div class=\"elementor-element elementor-element-4637a0a7 elementor-widget-divider--view-line elementor-widget elementor-widget-divider\" data-id=\"4637a0a7\" data-element_type=\"widget\" data-e-type=\"widget\" data-widget_type=\"divider.default\">\n\t\t\t\t<div class=\"elementor-widget-container\">\n\t\t\t\t\t\t\t<div class=\"elementor-divider\">\n\t\t\t<span class=\"elementor-divider-separator\">\n\t\t\t\t\t\t<\/span>\n\t\t<\/div>\n\t\t\t\t\t\t<\/div>\n\t\t\t\t<\/div>\n\t\t\t\t\t<\/div>\n\t\t<\/div>\n\t\t\t\t\t<\/div>\n\t\t<\/section>\n\t\t\t\t<section class=\"elementor-section elementor-top-section elementor-element elementor-element-b01a8af elementor-section-boxed elementor-section-height-default elementor-section-height-default\" data-id=\"b01a8af\" data-element_type=\"section\" data-e-type=\"section\">\n\t\t\t\t\t\t<div class=\"elementor-container elementor-column-gap-default\">\n\t\t\t\t\t<div class=\"elementor-column elementor-col-100 elementor-top-column elementor-element elementor-element-6858fee0\" data-id=\"6858fee0\" data-element_type=\"column\" data-e-type=\"column\">\n\t\t\t<div class=\"elementor-widget-wrap elementor-element-populated\">\n\t\t\t\t\t\t<div class=\"elementor-element elementor-element-1f5df3af elementor-widget elementor-widget-text-editor\" data-id=\"1f5df3af\" data-element_type=\"widget\" data-e-type=\"widget\" data-widget_type=\"text-editor.default\">\n\t\t\t\t<div class=\"elementor-widget-container\">\n\t\t\t\t\t\t\t\t\t<h3><span lang=\"ES\">Contacto<\/span><\/h3><p class=\"MsoNormal\"><span lang=\"ES\">\u00a1Estaremos encantados de asesorarle. Utilice el contacto directo con nosotros!<\/span><\/p><p class=\"MsoNormal\"><strong><span lang=\"ES\">Direcci\u00f3n<\/span><\/strong><\/p><p class=\"MsoNormal\"><span lang=\"ES\">Cristales Luminosos LITIOS<br \/><\/span><span lang=\"ES\">Gl\u00e4rnischstrasse 22<br \/><\/span><span lang=\"ES\">CH-8712 St\u00e4fa<br \/><\/span><span lang=\"ES\">Suiza<\/span><\/p><p class=\"MsoNormal\"><span lang=\"ES\">Tel\u00e9fono: +41 (0) 78 883 3791<br \/><\/span><span lang=\"ES\">Correo electr\u00f3nico: info(at)litios.ch<br \/><\/span>Internet: www.litios.com\/ch<\/p><p class=\"MsoNormal\"><strong>Propietario:<\/strong> Sra. Antje Eisele<br \/><span lang=\"ES\"><strong>Forma jur\u00eddica:<\/strong> Empresa individual<\/span><\/p><p class=\"MsoNormal\"><strong><span lang=\"ES\">N\u00famero de identificaci\u00f3n fiscal: <\/span><\/strong><span lang=\"ES\">CHE-112.455.514<\/span><\/p><p class=\"MsoNormal\"><strong><span lang=\"ES\">Registro mercantil n\u00ba: <\/span><\/strong><span lang=\"ES\">CH-320.1.057.699-4<\/span><\/p><p class=\"MsoNormal\"><strong><span lang=\"ES\">Oficina del Registro Mercantil: <\/span><\/strong><span lang=\"ES\">Cant\u00f3n de Z\u00farich<\/span><\/p><p class=\"MsoNormal\"><strong><span lang=\"ES\">Plataforma de la Comisi\u00f3n Europea para la resoluci\u00f3n de litigios en l\u00ednea:<\/span><\/strong><\/p><p class=\"MsoNormal\"><span lang=\"ES\">https:\/\/ec.europa.eu\/consumers\/odr<\/span><\/p><p class=\"MsoNormal\"><span lang=\"ES\">No estamos obligados ni dispuestos a participar en un procedimiento de resoluci\u00f3n de conflictos ante una junta de arbitraje de consumo.<\/span><\/p><p><strong><img decoding=\"async\" class=\"alignnone\" src=\"https:\/\/www.it-recht-kanzlei.de\/gfx\/Logos\/logo-fairness-160.png\" alt=\"Mitglied der Initiative \" \/><\/strong><\/p><p><strong>Miembro de la iniciativa &#8220;Fairness in Trade&#8221;.<br \/><\/strong>M\u00e1s informaci\u00f3n: https:\/\/www.fairness-im-handel.de<\/p><p><strong>Persona responsable seg\u00fan el art. 322 del c\u00f3digo penal (CH)\u00a0<br \/><\/strong>Antje Eisele<\/p><p><strong>Fotograf\u00eda<br \/><\/strong>Katharina Dudek, Markus Gehring<\/p><p><strong>Cr\u00e9ditos de las im\u00e1genes:<br \/><\/strong>https:\/\/www.litios.com\/ch\/<\/p><p>&#8211; Adobe Stock, Monta\u00f1as azules nevadas en las nubes por Pavlo Vakhrushev<\/p><p>&#8211; Stockfresh, Diamante por AnatolyM<\/p><p>Nota sobre las meditaciones y las sesiones de sanaci\u00f3n espiritual<\/p><p>Nuestras sesiones de sanaci\u00f3n espiritual o curaci\u00f3n espiritual sirven b\u00e1sicamente para activar los poderes de autocuraci\u00f3n y no sustituyen el diagn\u00f3stico o tratamiento de un m\u00e9dico o profesional alternativo. No realizamos ning\u00fan diagn\u00f3stico m\u00e9dico o psiqui\u00e1trico y no hacemos ninguna promesa de curaci\u00f3n.<\/p><p>Si la participaci\u00f3n en una sesi\u00f3n de curaci\u00f3n espiritual o en una sesi\u00f3n a distancia es compatible con el respectivo estado f\u00edsico y psicol\u00f3gico debe decidirlo el cliente bajo su propia responsabilidad. Nos gustar\u00eda se\u00f1alar que los procesos de autocuraci\u00f3n se desencadenan con el trabajo energ\u00e9tico y que esto podr\u00eda dar lugar a agravaciones iniciales.<\/p><p><small><img decoding=\"async\" src=\"https:\/\/www.it-recht-kanzlei.de\/logo\/Logo_Juristisch_betreut_durch_IT-Recht_Kanzlei.png?i=320cb-1884d-39c6-907c-1\" alt=\"Vertreten durch die IT-Recht Kanzlei\" \/><\/small><\/p>\t\t\t\t\t\t\t\t<\/div>\n\t\t\t\t<\/div>\n\t\t\t\t\t<\/div>\n\t\t<\/div>\n\t\t\t\t\t<\/div>\n\t\t<\/section>\n\t\t\t\t<\/div>\n\t\t","protected":false},"excerpt":{"rendered":"<p>Imprimir Contacto \u00a1Estaremos encantados de asesorarle. Utilice el contacto directo con nosotros! Direcci\u00f3n Cristales Luminosos LITIOSGl\u00e4rnischstrasse 22CH-8712 St\u00e4faSuiza Tel\u00e9fono: +41 (0) 78 883 3791Correo electr\u00f3nico: info(at)litios.chInternet: www.litios.com\/ch Propietario: Sra. Antje EiseleForma jur\u00eddica: Empresa individual N\u00famero de identificaci\u00f3n fiscal: CHE-112.455.514 Registro mercantil n\u00ba: CH-320.1.057.699-4 Oficina del Registro Mercantil: Cant\u00f3n de Z\u00farich Plataforma de la Comisi\u00f3n Europea [&hellip;]<\/p>\n","protected":false},"author":12,"featured_media":0,"parent":0,"menu_order":999,"comment_status":"closed","ping_status":"closed","template":"elementor_header_footer","meta":{"site-sidebar-layout":"no-sidebar","site-content-layout":"page-builder","ast-site-content-layout":"default","site-content-style":"default","site-sidebar-style":"default","ast-global-header-display":"","ast-banner-title-visibility":"","ast-main-header-display":"","ast-hfb-above-header-display":"","ast-hfb-below-header-display":"","ast-hfb-mobile-header-display":"","site-post-title":"disabled","ast-breadcrumbs-content":null,"ast-featured-img":"disabled","footer-sml-layout":"","ast-disable-related-posts":"","theme-transparent-header-meta":"","adv-header-id-meta":"","stick-header-meta":"","header-above-stick-meta":null,"header-main-stick-meta":"","header-below-stick-meta":"","astra-migrate-meta-layouts":"default","ast-page-background-enabled":"default","ast-page-background-meta":{"desktop":{"background-color":"","background-image":"","background-repeat":"repeat","background-position":"center center","background-size":"auto","background-attachment":"scroll","background-type":"","background-media":"","overlay-type":"","overlay-color":"","overlay-opacity":"","overlay-gradient":""},"tablet":{"background-color":"","background-image":"","background-repeat":"repeat","background-position":"center center","background-size":"auto","background-attachment":"scroll","background-type":"","background-media":"","overlay-type":"","overlay-color":"","overlay-opacity":"","overlay-gradient":""},"mobile":{"background-color":"","background-image":"","background-repeat":"repeat","background-position":"center center","background-size":"auto","background-attachment":"scroll","background-type":"","background-media":"","overlay-type":"","overlay-color":"","overlay-opacity":"","overlay-gradient":""}},"ast-content-background-meta":{"desktop":{"background-color":"var(--ast-global-color-5)","background-image":"","background-repeat":"repeat","background-position":"center center","background-size":"auto","background-attachment":"scroll","background-type":"","background-media":"","overlay-type":"","overlay-color":"","overlay-opacity":"","overlay-gradient":""},"tablet":{"background-color":"var(--ast-global-color-5)","background-image":"","background-repeat":"repeat","background-position":"center center","background-size":"auto","background-attachment":"scroll","background-type":"","background-media":"","overlay-type":"","overlay-color":"","overlay-opacity":"","overlay-gradient":""},"mobile":{"background-color":"var(--ast-global-color-5)","background-image":"","background-repeat":"repeat","background-position":"center center","background-size":"auto","background-attachment":"scroll","background-type":"","background-media":"","overlay-type":"","overlay-color":"","overlay-opacity":"","overlay-gradient":""}},"footnotes":""},"class_list":["post-2220","page","type-page","status-publish","hentry"],"_links":{"self":[{"href":"https:\/\/litios.online\/es\/wp-json\/wp\/v2\/pages\/2220","targetHints":{"allow":["GET"]}}],"collection":[{"href":"https:\/\/litios.online\/es\/wp-json\/wp\/v2\/pages"}],"about":[{"href":"https:\/\/litios.online\/es\/wp-json\/wp\/v2\/types\/page"}],"author":[{"embeddable":true,"href":"https:\/\/litios.online\/es\/wp-json\/wp\/v2\/users\/12"}],"replies":[{"embeddable":true,"href":"https:\/\/litios.online\/es\/wp-json\/wp\/v2\/comments?post=2220"}],"version-history":[{"count":0,"href":"https:\/\/litios.online\/es\/wp-json\/wp\/v2\/pages\/2220\/revisions"}],"wp:attachment":[{"href":"https:\/\/litios.online\/es\/wp-json\/wp\/v2\/media?parent=2220"}],"curies":[{"name":"wp","href":"https:\/\/api.w.org\/{rel}","templated":true}]}}