{"id":14335,"date":"2025-08-20T14:50:56","date_gmt":"2025-08-20T12:50:56","guid":{"rendered":"https:\/\/litios.online\/?post_type=product&#038;p=14335"},"modified":"2025-08-20T16:04:27","modified_gmt":"2025-08-20T14:04:27","slug":"reunion-de-socios","status":"publish","type":"product","link":"https:\/\/litios.online\/es\/curso\/reunion-de-socios\/","title":{"rendered":"Reuni\u00f3n de socios"},"content":{"rendered":"\t\t<div data-elementor-type=\"product-post\" data-elementor-id=\"14335\" class=\"elementor elementor-14335\" data-elementor-post-type=\"product\">\n\t\t\t\t\t\t<section class=\"elementor-section elementor-top-section elementor-element elementor-element-6be22a3 elementor-section-boxed elementor-section-height-default elementor-section-height-default\" data-id=\"6be22a3\" data-element_type=\"section\" data-e-type=\"section\">\n\t\t\t\t\t\t<div class=\"elementor-container elementor-column-gap-default\">\n\t\t\t\t\t<div class=\"elementor-column elementor-col-100 elementor-top-column elementor-element elementor-element-cdc6a82\" data-id=\"cdc6a82\" data-element_type=\"column\" data-e-type=\"column\">\n\t\t\t<div class=\"elementor-widget-wrap elementor-element-populated\">\n\t\t\t\t\t\t<div class=\"elementor-element elementor-element-3b35c93 elementor-widget elementor-widget-heading\" data-id=\"3b35c93\" data-element_type=\"widget\" data-e-type=\"widget\" data-widget_type=\"heading.default\">\n\t\t\t\t<div class=\"elementor-widget-container\">\n\t\t\t\t\t<h2 class=\"elementor-heading-title elementor-size-default\">Informaci\u00f3n sobre la reuni\u00f3n de socios<\/h2>\t\t\t\t<\/div>\n\t\t\t\t<\/div>\n\t\t\t\t<div class=\"elementor-element elementor-element-6cbed53 elementor-widget-divider--view-line elementor-widget elementor-widget-divider\" data-id=\"6cbed53\" data-element_type=\"widget\" data-e-type=\"widget\" data-widget_type=\"divider.default\">\n\t\t\t\t<div class=\"elementor-widget-container\">\n\t\t\t\t\t\t\t<div class=\"elementor-divider\">\n\t\t\t<span class=\"elementor-divider-separator\">\n\t\t\t\t\t\t<\/span>\n\t\t<\/div>\n\t\t\t\t\t\t<\/div>\n\t\t\t\t<\/div>\n\t\t\t\t\t<\/div>\n\t\t<\/div>\n\t\t\t\t\t<\/div>\n\t\t<\/section>\n\t\t\t\t<section class=\"elementor-section elementor-top-section elementor-element elementor-element-be7938c elementor-section-boxed elementor-section-height-default elementor-section-height-default\" data-id=\"be7938c\" data-element_type=\"section\" data-e-type=\"section\">\n\t\t\t\t\t\t<div class=\"elementor-container elementor-column-gap-default\">\n\t\t\t\t\t<div class=\"elementor-column elementor-col-66 elementor-top-column elementor-element elementor-element-d49351f\" data-id=\"d49351f\" data-element_type=\"column\" data-e-type=\"column\">\n\t\t\t<div class=\"elementor-widget-wrap elementor-element-populated\">\n\t\t\t\t\t\t<div class=\"elementor-element elementor-element-0f1526c elementor-widget elementor-widget-heading\" data-id=\"0f1526c\" data-element_type=\"widget\" data-e-type=\"widget\" data-widget_type=\"heading.default\">\n\t\t\t\t<div class=\"elementor-widget-container\">\n\t\t\t\t\t<h3 class=\"elementor-heading-title elementor-size-default\">Ser uno \u2013 alegre y ligero \u2013 en vibraci\u00f3n luminosa dorada diamantina.<\/h3>\t\t\t\t<\/div>\n\t\t\t\t<\/div>\n\t\t\t\t<div class=\"elementor-element elementor-element-12f98d9 elementor-widget elementor-widget-text-editor\" data-id=\"12f98d9\" data-element_type=\"widget\" data-e-type=\"widget\" data-widget_type=\"text-editor.default\">\n\t\t\t\t<div class=\"elementor-widget-container\">\n\t\t\t\t\t\t\t\t\t<p>Se trata de un encuentro internacional con interpretaci\u00f3n simult\u00e1nea, por lo que tendr\u00e1 lugar por la tarde en Europa.<\/p><p>\u00a1Juntos pasaremos un d\u00eda maravilloso! En esta comunidad, nos fortaleceremos mutuamente y crearemos un poderoso canal de luz.<br \/>Esto trae bendiciones y poder de manifestaci\u00f3n a nuestro trabajo de luz y a toda la Tierra.<\/p>\t\t\t\t\t\t\t\t<\/div>\n\t\t\t\t<\/div>\n\t\t\t\t<div class=\"elementor-element elementor-element-845bd33 elementor-widget elementor-widget-heading\" data-id=\"845bd33\" data-element_type=\"widget\" data-e-type=\"widget\" data-widget_type=\"heading.default\">\n\t\t\t\t<div class=\"elementor-widget-container\">\n\t\t\t\t\t<h3 class=\"elementor-heading-title elementor-size-default\">Contenido del seminario<\/h3>\t\t\t\t<\/div>\n\t\t\t\t<\/div>\n\t\t\t\t<div class=\"elementor-element elementor-element-87c07a2 elementor-widget elementor-widget-text-editor\" data-id=\"87c07a2\" data-element_type=\"widget\" data-e-type=\"widget\" data-widget_type=\"text-editor.default\">\n\t\t\t\t<div class=\"elementor-widget-container\">\n\t\t\t\t\t\t\t\t\t<ul class=\"custom-list\">\n \t<li>Purificaci\u00f3n y alineaci\u00f3n con el Sumo Sacerdote Melquisedec y los Concilios Luminosos<\/li>\n \t<li>\u00bfQu\u00e9 hay de nuevo en Litios?<\/li>\n \t<li>Seminarios, cristales de luz y\/o diamantes de luz, c\u00f3digos \u00e9ticos y sistema de evoluci\u00f3n.<\/li>\n \t<li>Espacio para ideas innovadoras, preguntas, sugerencias y feedback.<\/li>\n \t<li>Ejercicios en pareja para tus visiones, \u00e9xito en tu trabajo de luz con Litios y para activar tus talentos y habilidades.<\/li>\n \t<li>Trabajo de luz superior para la humanidad y la Tierra en la Era Dorada<\/li>\n \t<li>Meditaciones y canalizaciones<\/li>\n<\/ul>\t\t\t\t\t\t\t\t<\/div>\n\t\t\t\t<\/div>\n\t\t\t\t<div class=\"elementor-element elementor-element-a72951f elementor-widget elementor-widget-heading\" data-id=\"a72951f\" data-element_type=\"widget\" data-e-type=\"widget\" data-widget_type=\"heading.default\">\n\t\t\t\t<div class=\"elementor-widget-container\">\n\t\t\t\t\t<h3 class=\"elementor-heading-title elementor-size-default\">Cristales y Diamantes luminosos Litios para la meditaci\u00f3n (si est\u00e1n disponibles)<\/h3>\t\t\t\t<\/div>\n\t\t\t\t<\/div>\n\t\t\t\t<div class=\"elementor-element elementor-element-6ea5fc2 elementor-widget elementor-widget-text-editor\" data-id=\"6ea5fc2\" data-element_type=\"widget\" data-e-type=\"widget\" data-widget_type=\"text-editor.default\">\n\t\t\t\t<div class=\"elementor-widget-container\">\n\t\t\t\t\t\t\t\t\t<ul class=\"custom-list\"><li>Vara de Melquisedec, Vara Dorado de Cristo, Vara de Canalizaci\u00f3n<\/li><li>Set de diamantes Avatar o diamantes Avatar individuales<\/li><li>Pir\u00e1mide de manifestaci\u00f3n<\/li><li>Esfera de Ashtar o medall\u00f3n de Ashtar<\/li><li>Portal de Cristo Dorado o Portal del \u00c1ngel de Diamante<\/li><li>Maha Chohan \u2013 Portal de Luz de los Gu\u00edas Maestros<\/li><li>Adem\u00e1s, todos tus cristales de luz personales con los que te gusta meditar.<\/li><\/ul>\t\t\t\t\t\t\t\t<\/div>\n\t\t\t\t<\/div>\n\t\t\t\t\t<\/div>\n\t\t<\/div>\n\t\t\t\t<div class=\"elementor-column elementor-col-33 elementor-top-column elementor-element elementor-element-b1eabf0\" data-id=\"b1eabf0\" data-element_type=\"column\" data-e-type=\"column\">\n\t\t\t<div class=\"elementor-widget-wrap elementor-element-populated\">\n\t\t\t\t\t\t<div class=\"elementor-element elementor-element-a600cc9 elementor-widget elementor-widget-heading\" data-id=\"a600cc9\" data-element_type=\"widget\" data-e-type=\"widget\" data-widget_type=\"heading.default\">\n\t\t\t\t<div class=\"elementor-widget-container\">\n\t\t\t\t\t<h3 class=\"elementor-heading-title elementor-size-default\">M\u00e1s informaci\u00f3n e inscripci\u00f3n<\/h3>\t\t\t\t<\/div>\n\t\t\t\t<\/div>\n\t\t\t\t<div class=\"elementor-element elementor-element-d7086d8 elementor-widget elementor-widget-text-editor\" data-id=\"d7086d8\" data-element_type=\"widget\" data-e-type=\"widget\" data-widget_type=\"text-editor.default\">\n\t\t\t\t<div class=\"elementor-widget-container\">\n\t\t\t\t\t\t\t\t\t<p>\u00a1El equipo celestial y terrenal de Litios espera tu participaci\u00f3n y el maravilloso tiempo que pasaremos juntos!<\/p>\t\t\t\t\t\t\t\t<\/div>\n\t\t\t\t<\/div>\n\t\t\t\t<div class=\"elementor-element elementor-element-5eb98e5 elementor-widget elementor-widget-heading\" data-id=\"5eb98e5\" data-element_type=\"widget\" data-e-type=\"widget\" data-widget_type=\"heading.default\">\n\t\t\t\t<div class=\"elementor-widget-container\">\n\t\t\t\t\t<h3 class=\"elementor-heading-title elementor-size-default\">Requisitos<\/h3>\t\t\t\t<\/div>\n\t\t\t\t<\/div>\n\t\t\t\t<div class=\"elementor-element elementor-element-c34ed09 elementor-widget elementor-widget-text-editor\" data-id=\"c34ed09\" data-element_type=\"widget\" data-e-type=\"widget\" data-widget_type=\"text-editor.default\">\n\t\t\t\t<div class=\"elementor-widget-container\">\n\t\t\t\t\t\t\t\t\tInvitaci\u00f3n personal de Antje y Edwin, enviada por correo electr\u00f3nico.\t\t\t\t\t\t\t\t<\/div>\n\t\t\t\t<\/div>\n\t\t\t\t<div class=\"elementor-element elementor-element-94376a1 elementor-widget elementor-widget-heading\" data-id=\"94376a1\" data-element_type=\"widget\" data-e-type=\"widget\" data-widget_type=\"heading.default\">\n\t\t\t\t<div class=\"elementor-widget-container\">\n\t\t\t\t\t<h3 class=\"elementor-heading-title elementor-size-default\">Honorarios<\/h3>\t\t\t\t<\/div>\n\t\t\t\t<\/div>\n\t\t\t\t<div class=\"elementor-element elementor-element-45c4b62 elementor-widget elementor-widget-text-editor\" data-id=\"45c4b62\" data-element_type=\"widget\" data-e-type=\"widget\" data-widget_type=\"text-editor.default\">\n\t\t\t\t<div class=\"elementor-widget-container\">\n\t\t\t\t\t\t\t\t\tParticipar es gratuito. \u00a1Metatr\u00f3n te invita! Se realizar\u00e1 en l\u00ednea, as\u00ed que no hay costos de viaje ni alojamiento.\t\t\t\t\t\t\t\t<\/div>\n\t\t\t\t<\/div>\n\t\t\t\t<div class=\"elementor-element elementor-element-82f088a elementor-widget elementor-widget-heading\" data-id=\"82f088a\" data-element_type=\"widget\" data-e-type=\"widget\" data-widget_type=\"heading.default\">\n\t\t\t\t<div class=\"elementor-widget-container\">\n\t\t\t\t\t<h3 class=\"elementor-heading-title elementor-size-default\">La reuni\u00f3n de socios ser\u00e1 dirigida por:<\/h3>\t\t\t\t<\/div>\n\t\t\t\t<\/div>\n\t\t\t\t<div class=\"elementor-element elementor-element-74c8b2e elementor-position-left elementor-vertical-align-middle elementor-widget elementor-widget-image-box\" data-id=\"74c8b2e\" data-element_type=\"widget\" data-e-type=\"widget\" data-widget_type=\"image-box.default\">\n\t\t\t\t<div class=\"elementor-widget-container\">\n\t\t\t\t\t<div class=\"elementor-image-box-wrapper\"><figure class=\"elementor-image-box-img\"><img fetchpriority=\"high\" decoding=\"async\" width=\"500\" height=\"500\" src=\"https:\/\/litios.online\/wp-content\/uploads\/2025\/01\/antje-edwin-quadrat.jpg\" class=\"attachment-full size-full wp-image-13681\" alt=\"\" srcset=\"https:\/\/litios.online\/wp-content\/uploads\/2025\/01\/antje-edwin-quadrat.jpg 500w, https:\/\/litios.online\/wp-content\/uploads\/2025\/01\/antje-edwin-quadrat-300x300.jpg 300w, https:\/\/litios.online\/wp-content\/uploads\/2025\/01\/antje-edwin-quadrat-150x150.jpg 150w, https:\/\/litios.online\/wp-content\/uploads\/2025\/01\/antje-edwin-quadrat-100x100.jpg 100w\" sizes=\"(max-width: 500px) 100vw, 500px\" \/><\/figure><div class=\"elementor-image-box-content\"><h3 class=\"elementor-image-box-title\">Antje y Edwin Eisele<\/h3><p class=\"elementor-image-box-description\">+49 (0) 7556 - 929 08 - 0<br>\nhttps:\/\/litios.com\/ueber-uns\/\n<\/p><\/div><\/div>\t\t\t\t<\/div>\n\t\t\t\t<\/div>\n\t\t\t\t\t<\/div>\n\t\t<\/div>\n\t\t\t\t\t<\/div>\n\t\t<\/section>\n\t\t\t\t<\/div>\n\t\t","protected":false},"excerpt":{"rendered":"<p><strong>El Encuentro de la Santa Hermandad Blanca en la Tierra<\/strong><\/p>\n<p><strong>Fecha:<\/strong>\u00a0S\u00e1bado 4 de octubre de 2025<br \/>\n<strong>Hora:<\/strong>\u00a0S\u00e1b. 14:00 &#8211; 20:00<br \/>\n<strong>Ubicaci\u00f3n:<\/strong>\u00a0En l\u00ednea<\/p>\n","protected":false},"featured_media":14339,"template":"","meta":{"site-sidebar-layout":"default","site-content-layout":"default","ast-site-content-layout":"default","site-content-style":"default","site-sidebar-style":"default","ast-global-header-display":"","ast-banner-title-visibility":"","ast-main-header-display":"","ast-hfb-above-header-display":"","ast-hfb-below-header-display":"","ast-hfb-mobile-header-display":"","site-post-title":"","ast-breadcrumbs-content":"","ast-featured-img":"","footer-sml-layout":"","ast-disable-related-posts":"","theme-transparent-header-meta":"default","adv-header-id-meta":"","stick-header-meta":"default","header-above-stick-meta":"","header-main-stick-meta":"","header-below-stick-meta":"","astra-migrate-meta-layouts":"set","ast-page-background-enabled":"default","ast-page-background-meta":{"desktop":{"background-color":"","background-image":"","background-repeat":"repeat","background-position":"center center","background-size":"auto","background-attachment":"scroll","background-type":"","background-media":"","overlay-type":"","overlay-color":"","overlay-opacity":"","overlay-gradient":""},"tablet":{"background-color":"","background-image":"","background-repeat":"repeat","background-position":"center center","background-size":"auto","background-attachment":"scroll","background-type":"","background-media":"","overlay-type":"","overlay-color":"","overlay-opacity":"","overlay-gradient":""},"mobile":{"background-color":"","background-image":"","background-repeat":"repeat","background-position":"center center","background-size":"auto","background-attachment":"scroll","background-type":"","background-media":"","overlay-type":"","overlay-color":"","overlay-opacity":"","overlay-gradient":""}},"ast-content-background-meta":{"desktop":{"background-color":"var(--ast-global-color-5)","background-image":"","background-repeat":"repeat","background-position":"center center","background-size":"auto","background-attachment":"scroll","background-type":"","background-media":"","overlay-type":"","overlay-color":"","overlay-opacity":"","overlay-gradient":""},"tablet":{"background-color":"var(--ast-global-color-5)","background-image":"","background-repeat":"repeat","background-position":"center center","background-size":"auto","background-attachment":"scroll","background-type":"","background-media":"","overlay-type":"","overlay-color":"","overlay-opacity":"","overlay-gradient":""},"mobile":{"background-color":"var(--ast-global-color-5)","background-image":"","background-repeat":"repeat","background-position":"center center","background-size":"auto","background-attachment":"scroll","background-type":"","background-media":"","overlay-type":"","overlay-color":"","overlay-opacity":"","overlay-gradient":""}}},"product_brand":[],"product_cat":[126],"product_tag":[],"class_list":{"0":"post-14335","1":"product","2":"type-product","3":"status-publish","4":"has-post-thumbnail","6":"product_cat-seminarios-en-linea","7":"desktop-align-left","8":"tablet-align-left","9":"mobile-align-left","10":"ast-product-gallery-layout-horizontal","11":"ast-product-gallery-with-no-image","13":"first","14":"instock","15":"virtual","16":"sold-individually","17":"taxable","18":"purchasable","19":"product-type-simple"},"_links":{"self":[{"href":"https:\/\/litios.online\/es\/wp-json\/wp\/v2\/product\/14335","targetHints":{"allow":["GET"]}}],"collection":[{"href":"https:\/\/litios.online\/es\/wp-json\/wp\/v2\/product"}],"about":[{"href":"https:\/\/litios.online\/es\/wp-json\/wp\/v2\/types\/product"}],"version-history":[{"count":0,"href":"https:\/\/litios.online\/es\/wp-json\/wp\/v2\/product\/14335\/revisions"}],"wp:featuredmedia":[{"embeddable":true,"href":"https:\/\/litios.online\/es\/wp-json\/wp\/v2\/media\/14339"}],"wp:attachment":[{"href":"https:\/\/litios.online\/es\/wp-json\/wp\/v2\/media?parent=14335"}],"wp:term":[{"taxonomy":"product_brand","embeddable":true,"href":"https:\/\/litios.online\/es\/wp-json\/wp\/v2\/product_brand?post=14335"},{"taxonomy":"product_cat","embeddable":true,"href":"https:\/\/litios.online\/es\/wp-json\/wp\/v2\/product_cat?post=14335"},{"taxonomy":"product_tag","embeddable":true,"href":"https:\/\/litios.online\/es\/wp-json\/wp\/v2\/product_tag?post=14335"}],"curies":[{"name":"wp","href":"https:\/\/api.w.org\/{rel}","templated":true}]}}