{"id":14844,"date":"2025-11-14T09:46:35","date_gmt":"2025-11-14T08:46:35","guid":{"rendered":"https:\/\/litios.online\/?post_type=product&#038;p=14844"},"modified":"2025-11-14T10:02:49","modified_gmt":"2025-11-14T09:02:49","slug":"taller-de-navidad-activacion-del-escudo-dorado-de-ashtar","status":"publish","type":"product","link":"https:\/\/litios.online\/es\/curso\/taller-de-navidad-activacion-del-escudo-dorado-de-ashtar\/","title":{"rendered":"Taller de Navidad: Activaci\u00f3n del Escudo Dorado de Ashtar"},"content":{"rendered":"\t\t<div data-elementor-type=\"product-post\" data-elementor-id=\"14844\" class=\"elementor elementor-14844\" data-elementor-post-type=\"product\">\n\t\t\t\t\t\t<section class=\"elementor-section elementor-top-section elementor-element elementor-element-a176626 elementor-section-boxed elementor-section-height-default elementor-section-height-default\" data-id=\"a176626\" data-element_type=\"section\" data-e-type=\"section\">\n\t\t\t\t\t\t<div class=\"elementor-container elementor-column-gap-default\">\n\t\t\t\t\t<div class=\"elementor-column elementor-col-100 elementor-top-column elementor-element elementor-element-da213bf\" data-id=\"da213bf\" data-element_type=\"column\" data-e-type=\"column\">\n\t\t\t<div class=\"elementor-widget-wrap elementor-element-populated\">\n\t\t\t\t\t\t<div class=\"elementor-element elementor-element-575c205 elementor-widget elementor-widget-heading\" data-id=\"575c205\" data-element_type=\"widget\" data-e-type=\"widget\" data-widget_type=\"heading.default\">\n\t\t\t\t<div class=\"elementor-widget-container\">\n\t\t\t\t\t<h2 class=\"elementor-heading-title elementor-size-default\">Descripci\u00f3n del curso<\/h2>\t\t\t\t<\/div>\n\t\t\t\t<\/div>\n\t\t\t\t<div class=\"elementor-element elementor-element-208cf35 elementor-widget-divider--view-line elementor-widget elementor-widget-divider\" data-id=\"208cf35\" data-element_type=\"widget\" data-e-type=\"widget\" data-widget_type=\"divider.default\">\n\t\t\t\t<div class=\"elementor-widget-container\">\n\t\t\t\t\t\t\t<div class=\"elementor-divider\">\n\t\t\t<span class=\"elementor-divider-separator\">\n\t\t\t\t\t\t<\/span>\n\t\t<\/div>\n\t\t\t\t\t\t<\/div>\n\t\t\t\t<\/div>\n\t\t\t\t\t<\/div>\n\t\t<\/div>\n\t\t\t\t\t<\/div>\n\t\t<\/section>\n\t\t\t\t<section class=\"elementor-section elementor-top-section elementor-element elementor-element-d3a0036 elementor-reverse-mobile elementor-section-boxed elementor-section-height-default elementor-section-height-default\" data-id=\"d3a0036\" data-element_type=\"section\" data-e-type=\"section\">\n\t\t\t\t\t\t<div class=\"elementor-container elementor-column-gap-default\">\n\t\t\t\t\t<div class=\"elementor-column elementor-col-66 elementor-top-column elementor-element elementor-element-5b85f79\" data-id=\"5b85f79\" data-element_type=\"column\" data-e-type=\"column\">\n\t\t\t<div class=\"elementor-widget-wrap elementor-element-populated\">\n\t\t\t\t\t\t<div class=\"elementor-element elementor-element-8d18d6c elementor-widget elementor-widget-text-editor\" data-id=\"8d18d6c\" data-element_type=\"widget\" data-e-type=\"widget\" data-widget_type=\"text-editor.default\">\n\t\t\t\t<div class=\"elementor-widget-container\">\n\t\t\t\t\t\t\t\t\t<p>\u00bfAnhelas profundizar a\u00fan m\u00e1s en el contacto con tus hermanos estelares luminosos? \u00bfTe gustar\u00eda experimentar todo el potencial del Escudo Dorado de Ashtar y usarlo para ti y tu trabajo de luz?<\/p><p><strong>\u00a1Entonces, prep\u00e1rate para el taller de Navidad de 2025 y date un regalo de Navidad!<\/strong><\/p>\t\t\t\t\t\t\t\t<\/div>\n\t\t\t\t<\/div>\n\t\t\t\t<div class=\"elementor-element elementor-element-1bc36e6 elementor-widget elementor-widget-heading\" data-id=\"1bc36e6\" data-element_type=\"widget\" data-e-type=\"widget\" data-widget_type=\"heading.default\">\n\t\t\t\t<div class=\"elementor-widget-container\">\n\t\t\t\t\t<h2 class=\"elementor-heading-title elementor-size-default\">Contenido:<\/h2>\t\t\t\t<\/div>\n\t\t\t\t<\/div>\n\t\t\t\t<div class=\"elementor-element elementor-element-0390bab elementor-widget elementor-widget-text-editor\" data-id=\"0390bab\" data-element_type=\"widget\" data-e-type=\"widget\" data-widget_type=\"text-editor.default\">\n\t\t\t\t<div class=\"elementor-widget-container\">\n\t\t\t\t\t\t\t\t\t<ul class=\"custom-list\">\n \t<li>Adonai Ashtar y el Comando Ashtar se presentan<\/li>\n \t<li>Experimenta la presencia de Adonai Ashtar y un contacto de coraz\u00f3n con tus hermanos estelares luminosos.<\/li>\n \t<li>Un escudo de luz dorada se activa en tu cuerpo de luz y en tus dispositivos t\u00e9cnicos; esto armoniza las radiaciones t\u00e9cnicas y manipuladoras negativas, como la radiaci\u00f3n de los tel\u00e9fonos m\u00f3viles 5G.<\/li>\n \t<li>Las energ\u00edas y tecnolog\u00edas extraterrestres de baja vibraci\u00f3n se eliminan de tu cuerpo de luz y de tus dispositivos t\u00e9cnicos.<\/li>\n \t<li>Los ordenadores estelares luminosos se superponen a tus ordenadores y dispositivos t\u00e9cnicos: experimenta c\u00f3mo funciona y qu\u00e9 sucede.<\/li>\n \t<li>\u00a1Domina los desaf\u00edos energ\u00e9ticos que plantea la inteligencia artificial!<\/li>\n \t<li><strong>\u00a1Recibe un regalo luminoso de Adonai Ashtar!<\/strong><\/li>\n<\/ul>\t\t\t\t\t\t\t\t<\/div>\n\t\t\t\t<\/div>\n\t\t\t\t<section class=\"elementor-section elementor-inner-section elementor-element elementor-element-885f2e6 elementor-section-boxed elementor-section-height-default elementor-section-height-default\" data-id=\"885f2e6\" data-element_type=\"section\" data-e-type=\"section\">\n\t\t\t\t\t\t<div class=\"elementor-container elementor-column-gap-default\">\n\t\t\t\t\t<div class=\"elementor-column elementor-col-100 elementor-inner-column elementor-element elementor-element-1fe5b42\" data-id=\"1fe5b42\" data-element_type=\"column\" data-e-type=\"column\" data-settings=\"{&quot;background_background&quot;:&quot;classic&quot;}\">\n\t\t\t<div class=\"elementor-widget-wrap elementor-element-populated\">\n\t\t\t\t\t\t<div class=\"elementor-element elementor-element-3d5e015 elementor-view-default elementor-widget elementor-widget-icon\" data-id=\"3d5e015\" data-element_type=\"widget\" data-e-type=\"widget\" data-widget_type=\"icon.default\">\n\t\t\t\t<div class=\"elementor-widget-container\">\n\t\t\t\t\t\t\t<div class=\"elementor-icon-wrapper\">\n\t\t\t<div class=\"elementor-icon\">\n\t\t\t<svg xmlns=\"http:\/\/www.w3.org\/2000\/svg\" xmlns:xlink=\"http:\/\/www.w3.org\/1999\/xlink\" width=\"500\" viewBox=\"0 0 375 374.999991\" height=\"500\" preserveAspectRatio=\"xMidYMid meet\"><defs><clipPath id=\"98384a4379\"><path d=\"M 3 54 L 173 54 L 173 321.421875 L 3 321.421875 Z M 3 54 \" clip-rule=\"nonzero\"><\/path><\/clipPath><clipPath id=\"883f496d91\"><path d=\"M 205 54 L 375 54 L 375 321.421875 L 205 321.421875 Z M 205 54 \" clip-rule=\"nonzero\"><\/path><\/clipPath><\/defs><g clip-path=\"url(#98384a4379)\"><path fill=\"#d1b167\" d=\"M 172.933594 139.410156 C 172.933594 238.867188 99.40625 307.742188 3.769531 321.40625 C 56.421875 293.847656 89.625 256.960938 94.328125 223.816406 C 49.191406 227.46875 8.3125 192.207031 4.140625 147.386719 C 0 102.902344 32.433594 61.679688 76.765625 55.609375 C 90.820312 53.6875 105.433594 55.300781 118.667969 60.457031 C 125.390625 63.050781 131.683594 66.445312 137.539062 70.636719 C 142.65625 74.328125 149.542969 79.214844 152.839844 84.714844 C 165.839844 99.753906 172.933594 119.582031 172.933594 139.410156 Z M 172.933594 139.410156 \" fill-opacity=\"1\" fill-rule=\"nonzero\"><\/path><\/g><g clip-path=\"url(#883f496d91)\"><path fill=\"#d1b167\" d=\"M 375.003906 139.410156 C 375.003906 238.867188 301.488281 307.742188 205.839844 321.40625 C 258.492188 293.847656 291.695312 256.960938 296.398438 223.816406 C 251.257812 227.46875 210.382812 192.207031 206.210938 147.386719 C 202.074219 102.902344 234.503906 61.679688 278.835938 55.609375 C 292.890625 53.6875 307.503906 55.300781 320.738281 60.457031 C 327.460938 63.050781 333.753906 66.445312 339.609375 70.636719 C 344.726562 74.328125 351.609375 79.214844 354.910156 84.714844 C 367.910156 99.753906 375.003906 119.582031 375.003906 139.410156 Z M 375.003906 139.410156 \" fill-opacity=\"1\" fill-rule=\"nonzero\"><\/path><\/g><\/svg>\t\t\t<\/div>\n\t\t<\/div>\n\t\t\t\t\t\t<\/div>\n\t\t\t\t<\/div>\n\t\t\t\t<div class=\"elementor-element elementor-element-a43e051 elementor-widget elementor-widget-heading\" data-id=\"a43e051\" data-element_type=\"widget\" data-e-type=\"widget\" data-widget_type=\"heading.default\">\n\t\t\t\t<div class=\"elementor-widget-container\">\n\t\t\t\t\t<div class=\"elementor-heading-title elementor-size-default\">Palabras de Adonai Ashtar, nuestro hermano estelar:<\/div>\t\t\t\t<\/div>\n\t\t\t\t<\/div>\n\t\t\t\t<div class=\"elementor-element elementor-element-3940b94 elementor-widget elementor-widget-testimonial\" data-id=\"3940b94\" data-element_type=\"widget\" data-e-type=\"widget\" data-widget_type=\"testimonial.default\">\n\t\t\t\t<div class=\"elementor-widget-container\">\n\t\t\t\t\t\t\t<div class=\"elementor-testimonial-wrapper\">\n\t\t\t\t\t\t\t<div class=\"elementor-testimonial-content\">\u201eAmados, soy Adonai Ashtar del Comando Ashtar. Trabajamos eternamente por la evoluci\u00f3n y el progreso luminoso de la humanidad. Observamos la situaci\u00f3n actual y les enviamos amorosos saludos a trav\u00e9s de nuestras frecuencias de luz estelar.<br><br>\nEstos mensajes de amor se transmiten constantemente y se difunden a trav\u00e9s de los Escudos Dorados de Ashtar. Perm\u00edtete descubrir el potencial del Escudo de Ashtar y nuestras capacidades tecnol\u00f3gicas. En este taller, activaremos un poderoso escudo de luz en tu aura y para tus dispositivos electr\u00f3nicos.\n\u201c<\/div>\n\t\t\t\n\t\t\t\t\t\t<div class=\"elementor-testimonial-meta\">\n\t\t\t\t<div class=\"elementor-testimonial-meta-inner\">\n\t\t\t\t\t\n\t\t\t\t\t\t\t\t\t\t<div class=\"elementor-testimonial-details\">\n\t\t\t\t\t\t\t\t\t\t\t\t\t\t<div class=\"elementor-testimonial-name\">Canalizado por el m\u00e9dium angelical Antje Kyria Deva<\/div>\n\t\t\t\t\t\t\t\t\t\t\t\t\t\t\t\t\t\t\t<\/div>\n\t\t\t\t\t\t\t\t\t<\/div>\n\t\t\t<\/div>\n\t\t\t\t\t<\/div>\n\t\t\t\t\t\t<\/div>\n\t\t\t\t<\/div>\n\t\t\t\t\t<\/div>\n\t\t<\/div>\n\t\t\t\t\t<\/div>\n\t\t<\/section>\n\t\t\t\t<div class=\"elementor-element elementor-element-e68f8f1 elementor-widget elementor-widget-heading\" data-id=\"e68f8f1\" data-element_type=\"widget\" data-e-type=\"widget\" data-widget_type=\"heading.default\">\n\t\t\t\t<div class=\"elementor-widget-container\">\n\t\t\t\t\t<h4 class=\"elementor-heading-title elementor-size-default\">Incluyendo materiales del seminario\n<\/h4>\t\t\t\t<\/div>\n\t\t\t\t<\/div>\n\t\t\t\t<div class=\"elementor-element elementor-element-7ef2a86 elementor-widget elementor-widget-text-editor\" data-id=\"7ef2a86\" data-element_type=\"widget\" data-e-type=\"widget\" data-widget_type=\"text-editor.default\">\n\t\t\t\t<div class=\"elementor-widget-container\">\n\t\t\t\t\t\t\t\t\t<p>Recibir\u00e1s una carpeta del seminario, hojas de trabajo y todas las meditaciones en formato mp3 para descargar.<\/p>\t\t\t\t\t\t\t\t<\/div>\n\t\t\t\t<\/div>\n\t\t\t\t<div class=\"elementor-element elementor-element-1ca30c8 elementor-widget elementor-widget-heading\" data-id=\"1ca30c8\" data-element_type=\"widget\" data-e-type=\"widget\" data-widget_type=\"heading.default\">\n\t\t\t\t<div class=\"elementor-widget-container\">\n\t\t\t\t\t<h4 class=\"elementor-heading-title elementor-size-default\">Requisitos previos:<\/h4>\t\t\t\t<\/div>\n\t\t\t\t<\/div>\n\t\t\t\t<div class=\"elementor-element elementor-element-9f641fe elementor-widget elementor-widget-text-editor\" data-id=\"9f641fe\" data-element_type=\"widget\" data-e-type=\"widget\" data-widget_type=\"text-editor.default\">\n\t\t\t\t<div class=\"elementor-widget-container\">\n\t\t\t\t\t\t\t\t\t<p>No hay requisitos previos. \u00a1Todo aquel que sienta el llamado del coraz\u00f3n est\u00e1 invitado!<\/p>\t\t\t\t\t\t\t\t<\/div>\n\t\t\t\t<\/div>\n\t\t\t\t<div class=\"elementor-element elementor-element-2d69436 elementor-widget elementor-widget-heading\" data-id=\"2d69436\" data-element_type=\"widget\" data-e-type=\"widget\" data-widget_type=\"heading.default\">\n\t\t\t\t<div class=\"elementor-widget-container\">\n\t\t\t\t\t<h4 class=\"elementor-heading-title elementor-size-default\">N\u00famero m\u00ednimo de participantes: 10<\/h4>\t\t\t\t<\/div>\n\t\t\t\t<\/div>\n\t\t\t\t\t<\/div>\n\t\t<\/div>\n\t\t\t\t<div class=\"elementor-column elementor-col-33 elementor-top-column elementor-element elementor-element-09a2ea9\" data-id=\"09a2ea9\" data-element_type=\"column\" data-e-type=\"column\">\n\t\t\t<div class=\"elementor-widget-wrap elementor-element-populated\">\n\t\t\t\t\t\t<div class=\"elementor-element elementor-element-a15e8ba elementor-position-left elementor-vertical-align-middle elementor-widget elementor-widget-image-box\" data-id=\"a15e8ba\" data-element_type=\"widget\" data-e-type=\"widget\" data-widget_type=\"image-box.default\">\n\t\t\t\t<div class=\"elementor-widget-container\">\n\t\t\t\t\t<div class=\"elementor-image-box-wrapper\"><figure class=\"elementor-image-box-img\"><img fetchpriority=\"high\" decoding=\"async\" width=\"500\" height=\"500\" src=\"https:\/\/litios.online\/wp-content\/uploads\/2025\/01\/antje-edwin-quadrat.jpg\" class=\"attachment-full size-full wp-image-13681\" alt=\"\" srcset=\"https:\/\/litios.online\/wp-content\/uploads\/2025\/01\/antje-edwin-quadrat.jpg 500w, https:\/\/litios.online\/wp-content\/uploads\/2025\/01\/antje-edwin-quadrat-300x300.jpg 300w, https:\/\/litios.online\/wp-content\/uploads\/2025\/01\/antje-edwin-quadrat-150x150.jpg 150w, https:\/\/litios.online\/wp-content\/uploads\/2025\/01\/antje-edwin-quadrat-100x100.jpg 100w\" sizes=\"(max-width: 500px) 100vw, 500px\" \/><\/figure><div class=\"elementor-image-box-content\"><h3 class=\"elementor-image-box-title\">Impartido:<\/h3><p class=\"elementor-image-box-description\">Antje y Edwin Eisele<\/p><\/div><\/div>\t\t\t\t<\/div>\n\t\t\t\t<\/div>\n\t\t\t\t<div class=\"elementor-element elementor-element-5ec4943 elementor-position-left elementor-vertical-align-middle elementor-widget elementor-widget-image-box\" data-id=\"5ec4943\" data-element_type=\"widget\" data-e-type=\"widget\" data-widget_type=\"image-box.default\">\n\t\t\t\t<div class=\"elementor-widget-container\">\n\t\t\t\t\t<div class=\"elementor-image-box-wrapper\"><figure class=\"elementor-image-box-img\"><img decoding=\"async\" width=\"420\" height=\"420\" src=\"https:\/\/litios.online\/wp-content\/uploads\/2025\/01\/arminda_jack_2.jpg\" class=\"attachment-full size-full wp-image-13667\" alt=\"\" srcset=\"https:\/\/litios.online\/wp-content\/uploads\/2025\/01\/arminda_jack_2.jpg 420w, https:\/\/litios.online\/wp-content\/uploads\/2025\/01\/arminda_jack_2-300x300.jpg 300w, https:\/\/litios.online\/wp-content\/uploads\/2025\/01\/arminda_jack_2-150x150.jpg 150w, https:\/\/litios.online\/wp-content\/uploads\/2025\/01\/arminda_jack_2-100x100.jpg 100w\" sizes=\"(max-width: 420px) 100vw, 420px\" \/><\/figure><div class=\"elementor-image-box-content\"><h3 class=\"elementor-image-box-title\">Organizador y Traducci\u00f3n:<\/h3><p class=\"elementor-image-box-description\">Arminda Jack<\/p><\/div><\/div>\t\t\t\t<\/div>\n\t\t\t\t<\/div>\n\t\t\t\t\t<\/div>\n\t\t<\/div>\n\t\t\t\t\t<\/div>\n\t\t<\/section>\n\t\t\t\t<\/div>\n\t\t","protected":false},"excerpt":{"rendered":"<p><strong>Experimenta la iniciaci\u00f3n en el Escudo Dorado de Ashtar<\/strong><br \/>\n<span style=\"font-size: 1px; color: rgba(0, 0, 0, 0);\">&#8230;<\/span><br \/>\n<strong>Fecha: <\/strong>S\u00e1bado, 6 de diciembre de 2025<br \/>\n<strong>Horario: <\/strong>S\u00e1bado, de 14:00 a 18:00<br \/>\n<strong>Lugar: <\/strong>En l\u00ednea a trav\u00e9s de Zoom<br \/>\n<span style=\"font-size: 1px; color: rgba(0, 0, 0, 0);\">&#8230;<\/span><br \/>\nN\u00famero m\u00ednimo de participantes:\u00a010<br \/>\nIncluidos los documentos del seminario<\/p>\n","protected":false},"featured_media":14845,"template":"","meta":{"site-sidebar-layout":"default","site-content-layout":"default","ast-site-content-layout":"default","site-content-style":"default","site-sidebar-style":"default","ast-global-header-display":"","ast-banner-title-visibility":"","ast-main-header-display":"","ast-hfb-above-header-display":"","ast-hfb-below-header-display":"","ast-hfb-mobile-header-display":"","site-post-title":"","ast-breadcrumbs-content":"","ast-featured-img":"","footer-sml-layout":"","ast-disable-related-posts":"","theme-transparent-header-meta":"default","adv-header-id-meta":"","stick-header-meta":"default","header-above-stick-meta":"","header-main-stick-meta":"","header-below-stick-meta":"","astra-migrate-meta-layouts":"set","ast-page-background-enabled":"default","ast-page-background-meta":{"desktop":{"background-color":"","background-image":"","background-repeat":"repeat","background-position":"center center","background-size":"auto","background-attachment":"scroll","background-type":"","background-media":"","overlay-type":"","overlay-color":"","overlay-opacity":"","overlay-gradient":""},"tablet":{"background-color":"","background-image":"","background-repeat":"repeat","background-position":"center center","background-size":"auto","background-attachment":"scroll","background-type":"","background-media":"","overlay-type":"","overlay-color":"","overlay-opacity":"","overlay-gradient":""},"mobile":{"background-color":"","background-image":"","background-repeat":"repeat","background-position":"center center","background-size":"auto","background-attachment":"scroll","background-type":"","background-media":"","overlay-type":"","overlay-color":"","overlay-opacity":"","overlay-gradient":""}},"ast-content-background-meta":{"desktop":{"background-color":"var(--ast-global-color-5)","background-image":"","background-repeat":"repeat","background-position":"center center","background-size":"auto","background-attachment":"scroll","background-type":"","background-media":"","overlay-type":"","overlay-color":"","overlay-opacity":"","overlay-gradient":""},"tablet":{"background-color":"var(--ast-global-color-5)","background-image":"","background-repeat":"repeat","background-position":"center center","background-size":"auto","background-attachment":"scroll","background-type":"","background-media":"","overlay-type":"","overlay-color":"","overlay-opacity":"","overlay-gradient":""},"mobile":{"background-color":"var(--ast-global-color-5)","background-image":"","background-repeat":"repeat","background-position":"center center","background-size":"auto","background-attachment":"scroll","background-type":"","background-media":"","overlay-type":"","overlay-color":"","overlay-opacity":"","overlay-gradient":""}}},"product_brand":[],"product_cat":[126],"product_tag":[],"class_list":{"0":"post-14844","1":"product","2":"type-product","3":"status-publish","4":"has-post-thumbnail","6":"product_cat-seminarios-en-linea","7":"desktop-align-left","8":"tablet-align-left","9":"mobile-align-left","10":"ast-product-gallery-layout-horizontal","11":"ast-product-gallery-with-no-image","13":"first","14":"instock","15":"virtual","16":"sold-individually","17":"taxable","18":"purchasable","19":"product-type-course"},"_links":{"self":[{"href":"https:\/\/litios.online\/es\/wp-json\/wp\/v2\/product\/14844","targetHints":{"allow":["GET"]}}],"collection":[{"href":"https:\/\/litios.online\/es\/wp-json\/wp\/v2\/product"}],"about":[{"href":"https:\/\/litios.online\/es\/wp-json\/wp\/v2\/types\/product"}],"version-history":[{"count":0,"href":"https:\/\/litios.online\/es\/wp-json\/wp\/v2\/product\/14844\/revisions"}],"wp:featuredmedia":[{"embeddable":true,"href":"https:\/\/litios.online\/es\/wp-json\/wp\/v2\/media\/14845"}],"wp:attachment":[{"href":"https:\/\/litios.online\/es\/wp-json\/wp\/v2\/media?parent=14844"}],"wp:term":[{"taxonomy":"product_brand","embeddable":true,"href":"https:\/\/litios.online\/es\/wp-json\/wp\/v2\/product_brand?post=14844"},{"taxonomy":"product_cat","embeddable":true,"href":"https:\/\/litios.online\/es\/wp-json\/wp\/v2\/product_cat?post=14844"},{"taxonomy":"product_tag","embeddable":true,"href":"https:\/\/litios.online\/es\/wp-json\/wp\/v2\/product_tag?post=14844"}],"curies":[{"name":"wp","href":"https:\/\/api.w.org\/{rel}","templated":true}]}}