{"id":2311,"date":"2022-10-20T09:15:26","date_gmt":"2022-10-20T07:15:26","guid":{"rendered":"https:\/\/litios.online\/?post_type=product&#038;p=2311"},"modified":"2025-01-23T09:41:20","modified_gmt":"2025-01-23T08:41:20","slug":"taller-vara-de-diamante-de-la-diosa","status":"publish","type":"product","link":"https:\/\/litios.online\/es\/curso\/taller-vara-de-diamante-de-la-diosa\/","title":{"rendered":"Taller: Iniciaci\u00f3n a la Vara de Diamante de la Diosa"},"content":{"rendered":"\t\t<div data-elementor-type=\"product-post\" data-elementor-id=\"2311\" class=\"elementor elementor-2311\" data-elementor-post-type=\"product\">\n\t\t\t\t\t\t<section class=\"elementor-section elementor-top-section elementor-element elementor-element-a176626 elementor-section-boxed elementor-section-height-default elementor-section-height-default\" data-id=\"a176626\" data-element_type=\"section\" data-e-type=\"section\">\n\t\t\t\t\t\t<div class=\"elementor-container elementor-column-gap-default\">\n\t\t\t\t\t<div class=\"elementor-column elementor-col-100 elementor-top-column elementor-element elementor-element-da213bf\" data-id=\"da213bf\" data-element_type=\"column\" data-e-type=\"column\">\n\t\t\t<div class=\"elementor-widget-wrap elementor-element-populated\">\n\t\t\t\t\t\t<div class=\"elementor-element elementor-element-575c205 elementor-widget elementor-widget-heading\" data-id=\"575c205\" data-element_type=\"widget\" data-e-type=\"widget\" data-widget_type=\"heading.default\">\n\t\t\t\t<div class=\"elementor-widget-container\">\n\t\t\t\t\t<h2 class=\"elementor-heading-title elementor-size-default\">Descripci\u00f3n del curso<\/h2>\t\t\t\t<\/div>\n\t\t\t\t<\/div>\n\t\t\t\t<div class=\"elementor-element elementor-element-208cf35 elementor-widget-divider--view-line elementor-widget elementor-widget-divider\" data-id=\"208cf35\" data-element_type=\"widget\" data-e-type=\"widget\" data-widget_type=\"divider.default\">\n\t\t\t\t<div class=\"elementor-widget-container\">\n\t\t\t\t\t\t\t<div class=\"elementor-divider\">\n\t\t\t<span class=\"elementor-divider-separator\">\n\t\t\t\t\t\t<\/span>\n\t\t<\/div>\n\t\t\t\t\t\t<\/div>\n\t\t\t\t<\/div>\n\t\t\t\t\t<\/div>\n\t\t<\/div>\n\t\t\t\t\t<\/div>\n\t\t<\/section>\n\t\t\t\t<section class=\"elementor-section elementor-top-section elementor-element elementor-element-d3a0036 elementor-reverse-mobile elementor-section-boxed elementor-section-height-default elementor-section-height-default\" data-id=\"d3a0036\" data-element_type=\"section\" data-e-type=\"section\">\n\t\t\t\t\t\t<div class=\"elementor-container elementor-column-gap-default\">\n\t\t\t\t\t<div class=\"elementor-column elementor-col-66 elementor-top-column elementor-element elementor-element-5b85f79\" data-id=\"5b85f79\" data-element_type=\"column\" data-e-type=\"column\">\n\t\t\t<div class=\"elementor-widget-wrap elementor-element-populated\">\n\t\t\t\t\t\t<div class=\"elementor-element elementor-element-098a718 elementor-widget elementor-widget-heading\" data-id=\"098a718\" data-element_type=\"widget\" data-e-type=\"widget\" data-widget_type=\"heading.default\">\n\t\t\t\t<div class=\"elementor-widget-container\">\n\t\t\t\t\t<h2 class=\"elementor-heading-title elementor-size-default\">Descripci\u00f3n del seminario:<\/h2>\t\t\t\t<\/div>\n\t\t\t\t<\/div>\n\t\t\t\t<div class=\"elementor-element elementor-element-6579e37 elementor-widget elementor-widget-text-editor\" data-id=\"6579e37\" data-element_type=\"widget\" data-e-type=\"widget\" data-widget_type=\"text-editor.default\">\n\t\t\t\t<div class=\"elementor-widget-container\">\n\t\t\t\t\t\t\t\t\t<p>La Madre Mar\u00eda y el Concilio Luminoso de las Diosas quieren invitarte al taller en l\u00ednea &#8220;Iniciaci\u00f3n a la Vara de Diamante de la Diosa&#8221;.<\/p><p>En este taller recibir\u00e1s la iniciaci\u00f3n en la Vara de Diamante de la Diosa. Una vez iniciado, tendr\u00e1s permiso para hacer y transmitir meditaciones de iniciaci\u00f3n a tus clientes.<\/p><p>Tambi\u00e9n experimentar\u00e1s una segunda meditaci\u00f3n de iniciaci\u00f3n en el diamante medall\u00f3n del drag\u00f3n (edici\u00f3n especial). Esta iniciaci\u00f3n no es un requisito previo para adquirir este diamante luminoso o para transmitirlo a tus clientes.<\/p>\t\t\t\t\t\t\t\t<\/div>\n\t\t\t\t<\/div>\n\t\t\t\t<section class=\"elementor-section elementor-inner-section elementor-element elementor-element-7d0d5dd elementor-section-boxed elementor-section-height-default elementor-section-height-default\" data-id=\"7d0d5dd\" data-element_type=\"section\" data-e-type=\"section\">\n\t\t\t\t\t\t<div class=\"elementor-container elementor-column-gap-default\">\n\t\t\t\t\t<div class=\"elementor-column elementor-col-100 elementor-inner-column elementor-element elementor-element-9069cb9\" data-id=\"9069cb9\" data-element_type=\"column\" data-e-type=\"column\" data-settings=\"{&quot;background_background&quot;:&quot;classic&quot;}\">\n\t\t\t<div class=\"elementor-widget-wrap elementor-element-populated\">\n\t\t\t\t\t\t<div class=\"elementor-element elementor-element-dbe7666 elementor-view-default elementor-widget elementor-widget-icon\" data-id=\"dbe7666\" data-element_type=\"widget\" data-e-type=\"widget\" data-widget_type=\"icon.default\">\n\t\t\t\t<div class=\"elementor-widget-container\">\n\t\t\t\t\t\t\t<div class=\"elementor-icon-wrapper\">\n\t\t\t<div class=\"elementor-icon\">\n\t\t\t<svg xmlns=\"http:\/\/www.w3.org\/2000\/svg\" xmlns:xlink=\"http:\/\/www.w3.org\/1999\/xlink\" width=\"500\" viewBox=\"0 0 375 374.999991\" height=\"500\" preserveAspectRatio=\"xMidYMid meet\"><defs><clipPath id=\"98384a4379\"><path d=\"M 3 54 L 173 54 L 173 321.421875 L 3 321.421875 Z M 3 54 \" clip-rule=\"nonzero\"><\/path><\/clipPath><clipPath id=\"883f496d91\"><path d=\"M 205 54 L 375 54 L 375 321.421875 L 205 321.421875 Z M 205 54 \" clip-rule=\"nonzero\"><\/path><\/clipPath><\/defs><g clip-path=\"url(#98384a4379)\"><path fill=\"#d1b167\" d=\"M 172.933594 139.410156 C 172.933594 238.867188 99.40625 307.742188 3.769531 321.40625 C 56.421875 293.847656 89.625 256.960938 94.328125 223.816406 C 49.191406 227.46875 8.3125 192.207031 4.140625 147.386719 C 0 102.902344 32.433594 61.679688 76.765625 55.609375 C 90.820312 53.6875 105.433594 55.300781 118.667969 60.457031 C 125.390625 63.050781 131.683594 66.445312 137.539062 70.636719 C 142.65625 74.328125 149.542969 79.214844 152.839844 84.714844 C 165.839844 99.753906 172.933594 119.582031 172.933594 139.410156 Z M 172.933594 139.410156 \" fill-opacity=\"1\" fill-rule=\"nonzero\"><\/path><\/g><g clip-path=\"url(#883f496d91)\"><path fill=\"#d1b167\" d=\"M 375.003906 139.410156 C 375.003906 238.867188 301.488281 307.742188 205.839844 321.40625 C 258.492188 293.847656 291.695312 256.960938 296.398438 223.816406 C 251.257812 227.46875 210.382812 192.207031 206.210938 147.386719 C 202.074219 102.902344 234.503906 61.679688 278.835938 55.609375 C 292.890625 53.6875 307.503906 55.300781 320.738281 60.457031 C 327.460938 63.050781 333.753906 66.445312 339.609375 70.636719 C 344.726562 74.328125 351.609375 79.214844 354.910156 84.714844 C 367.910156 99.753906 375.003906 119.582031 375.003906 139.410156 Z M 375.003906 139.410156 \" fill-opacity=\"1\" fill-rule=\"nonzero\"><\/path><\/g><\/svg>\t\t\t<\/div>\n\t\t<\/div>\n\t\t\t\t\t\t<\/div>\n\t\t\t\t<\/div>\n\t\t\t\t<div class=\"elementor-element elementor-element-ddac1b2 elementor-widget elementor-widget-heading\" data-id=\"ddac1b2\" data-element_type=\"widget\" data-e-type=\"widget\" data-widget_type=\"heading.default\">\n\t\t\t\t<div class=\"elementor-widget-container\">\n\t\t\t\t\t<div class=\"elementor-heading-title elementor-size-default\">Palabras de la Madre Mar\u00eda sobre la Vara de Diamante de la Diosa:<\/div>\t\t\t\t<\/div>\n\t\t\t\t<\/div>\n\t\t\t\t<div class=\"elementor-element elementor-element-20c23c4 elementor-widget elementor-widget-testimonial\" data-id=\"20c23c4\" data-element_type=\"widget\" data-e-type=\"widget\" data-widget_type=\"testimonial.default\">\n\t\t\t\t<div class=\"elementor-widget-container\">\n\t\t\t\t\t\t\t<div class=\"elementor-testimonial-wrapper\">\n\t\t\t\t\t\t\t<div class=\"elementor-testimonial-content\">\u201ePara toda la mir\u00edada de facetas de la feminidad ca\u00edda y dolorosa, la forma ascendida e iluminada de la Diosa de la Luz existe simult\u00e1neamente en las dimensiones superiores. Esta forma ascendida e iluminada de la propia Diosa primordial es como un patr\u00f3n energ\u00e9tico clave, hundido en esta vara de diamante de la Diosa.\u201c<\/div>\n\t\t\t\n\t\t\t\t\t\t<div class=\"elementor-testimonial-meta\">\n\t\t\t\t<div class=\"elementor-testimonial-meta-inner\">\n\t\t\t\t\t\n\t\t\t\t\t\t\t\t\t\t<div class=\"elementor-testimonial-details\">\n\t\t\t\t\t\t\t\t\t\t\t\t\t\t<div class=\"elementor-testimonial-name\">canalizado por Kyria Deva<\/div>\n\t\t\t\t\t\t\t\t\t\t\t\t\t\t\t\t\t\t\t<\/div>\n\t\t\t\t\t\t\t\t\t<\/div>\n\t\t\t<\/div>\n\t\t\t\t\t<\/div>\n\t\t\t\t\t\t<\/div>\n\t\t\t\t<\/div>\n\t\t\t\t\t<\/div>\n\t\t<\/div>\n\t\t\t\t\t<\/div>\n\t\t<\/section>\n\t\t\t\t<div class=\"elementor-element elementor-element-6b4d368 elementor-widget elementor-widget-heading\" data-id=\"6b4d368\" data-element_type=\"widget\" data-e-type=\"widget\" data-widget_type=\"heading.default\">\n\t\t\t\t<div class=\"elementor-widget-container\">\n\t\t\t\t\t<h2 class=\"elementor-heading-title elementor-size-default\">Lo que experimentar\u00e1s:<\/h2>\t\t\t\t<\/div>\n\t\t\t\t<\/div>\n\t\t\t\t<div class=\"elementor-element elementor-element-6b2c784 elementor-icon-list--layout-traditional elementor-list-item-link-full_width elementor-widget elementor-widget-icon-list\" data-id=\"6b2c784\" data-element_type=\"widget\" data-e-type=\"widget\" data-widget_type=\"icon-list.default\">\n\t\t\t\t<div class=\"elementor-widget-container\">\n\t\t\t\t\t\t\t<ul class=\"elementor-icon-list-items\">\n\t\t\t\t\t\t\t<li class=\"elementor-icon-list-item\">\n\t\t\t\t\t\t\t\t\t\t\t<span class=\"elementor-icon-list-icon\">\n\t\t\t\t\t\t\t<i aria-hidden=\"true\" class=\"fas fa-check\"><\/i>\t\t\t\t\t\t<\/span>\n\t\t\t\t\t\t\t\t\t\t<span class=\"elementor-icon-list-text\">Meditaci\u00f3n de iniciaci\u00f3n en la \" Vara de Diamante de la Diosa \" con la Madre Mar\u00eda y el Concilio de Luz de las Diosas.<\/span>\n\t\t\t\t\t\t\t\t\t<\/li>\n\t\t\t\t\t\t\t\t<li class=\"elementor-icon-list-item\">\n\t\t\t\t\t\t\t\t\t\t\t<span class=\"elementor-icon-list-icon\">\n\t\t\t\t\t\t\t<i aria-hidden=\"true\" class=\"fas fa-check\"><\/i>\t\t\t\t\t\t<\/span>\n\t\t\t\t\t\t\t\t\t\t<span class=\"elementor-icon-list-text\">Meditaci\u00f3n de iniciaci\u00f3n en el \"Medall\u00f3n del Drag\u00f3n de Diamante - Edici\u00f3n Especial: El Drag\u00f3n de Diamante de Lady Quan Yin<\/span>\n\t\t\t\t\t\t\t\t\t<\/li>\n\t\t\t\t\t\t\t\t<li class=\"elementor-icon-list-item\">\n\t\t\t\t\t\t\t\t\t\t\t<span class=\"elementor-icon-list-icon\">\n\t\t\t\t\t\t\t<i aria-hidden=\"true\" class=\"fas fa-check\"><\/i>\t\t\t\t\t\t<\/span>\n\t\t\t\t\t\t\t\t\t\t<span class=\"elementor-icon-list-text\">Procedimiento para la iniciaci\u00f3n en la Vara de Diamante de las Diosas<\/span>\n\t\t\t\t\t\t\t\t\t<\/li>\n\t\t\t\t\t\t\t\t<li class=\"elementor-icon-list-item\">\n\t\t\t\t\t\t\t\t\t\t\t<span class=\"elementor-icon-list-icon\">\n\t\t\t\t\t\t\t<i aria-hidden=\"true\" class=\"fas fa-check\"><\/i>\t\t\t\t\t\t<\/span>\n\t\t\t\t\t\t\t\t\t\t<span class=\"elementor-icon-list-text\">Ejemplos de uso y consejos de Antje y Edwin para ambos diamantes luminosos<\/span>\n\t\t\t\t\t\t\t\t\t<\/li>\n\t\t\t\t\t\t<\/ul>\n\t\t\t\t\t\t<\/div>\n\t\t\t\t<\/div>\n\t\t\t\t<div class=\"elementor-element elementor-element-f872eca elementor-widget elementor-widget-heading\" data-id=\"f872eca\" data-element_type=\"widget\" data-e-type=\"widget\" data-widget_type=\"heading.default\">\n\t\t\t\t<div class=\"elementor-widget-container\">\n\t\t\t\t\t<h4 class=\"elementor-heading-title elementor-size-default\">Requisitos:<\/h4>\t\t\t\t<\/div>\n\t\t\t\t<\/div>\n\t\t\t\t<div class=\"elementor-element elementor-element-94f1ea9 elementor-widget elementor-widget-text-editor\" data-id=\"94f1ea9\" data-element_type=\"widget\" data-e-type=\"widget\" data-widget_type=\"text-editor.default\">\n\t\t\t\t<div class=\"elementor-widget-container\">\n\t\t\t\t\t\t\t\t\t<p style=\"vertical-align: baseline; margin: 0cm 0cm 21.0pt 0cm;\"><span style=\"font-size: 12.0pt; font-family: 'Lato',sans-serif; color: #333333;\">Eres socio de Litios.<\/span><\/p>\t\t\t\t\t\t\t\t<\/div>\n\t\t\t\t<\/div>\n\t\t\t\t<div class=\"elementor-element elementor-element-d310e43 elementor-widget elementor-widget-heading\" data-id=\"d310e43\" data-element_type=\"widget\" data-e-type=\"widget\" data-widget_type=\"heading.default\">\n\t\t\t\t<div class=\"elementor-widget-container\">\n\t\t\t\t\t<h4 class=\"elementor-heading-title elementor-size-default\">Documentos incluidos:<\/h4>\t\t\t\t<\/div>\n\t\t\t\t<\/div>\n\t\t\t\t<div class=\"elementor-element elementor-element-4f9fd38 elementor-widget elementor-widget-text-editor\" data-id=\"4f9fd38\" data-element_type=\"widget\" data-e-type=\"widget\" data-widget_type=\"text-editor.default\">\n\t\t\t\t<div class=\"elementor-widget-container\">\n\t\t\t\t\t\t\t\t\t<p>Recibir\u00e1s los documentos del seminario y todas las meditaciones en formato MP3 para descargar.<\/p>\t\t\t\t\t\t\t\t<\/div>\n\t\t\t\t<\/div>\n\t\t\t\t\t<\/div>\n\t\t<\/div>\n\t\t\t\t<div class=\"elementor-column elementor-col-33 elementor-top-column elementor-element elementor-element-09a2ea9\" data-id=\"09a2ea9\" data-element_type=\"column\" data-e-type=\"column\">\n\t\t\t<div class=\"elementor-widget-wrap elementor-element-populated\">\n\t\t\t\t\t\t<div class=\"elementor-element elementor-element-1c7a40b elementor-position-left elementor-vertical-align-middle elementor-widget elementor-widget-image-box\" data-id=\"1c7a40b\" data-element_type=\"widget\" data-e-type=\"widget\" data-widget_type=\"image-box.default\">\n\t\t\t\t<div class=\"elementor-widget-container\">\n\t\t\t\t\t<div class=\"elementor-image-box-wrapper\"><figure class=\"elementor-image-box-img\"><img fetchpriority=\"high\" decoding=\"async\" width=\"500\" height=\"500\" src=\"https:\/\/litios.online\/wp-content\/uploads\/2025\/01\/antje-edwin-quadrat.jpg\" class=\"attachment-full size-full wp-image-13681\" alt=\"\" srcset=\"https:\/\/litios.online\/wp-content\/uploads\/2025\/01\/antje-edwin-quadrat.jpg 500w, https:\/\/litios.online\/wp-content\/uploads\/2025\/01\/antje-edwin-quadrat-300x300.jpg 300w, https:\/\/litios.online\/wp-content\/uploads\/2025\/01\/antje-edwin-quadrat-150x150.jpg 150w, https:\/\/litios.online\/wp-content\/uploads\/2025\/01\/antje-edwin-quadrat-100x100.jpg 100w\" sizes=\"(max-width: 500px) 100vw, 500px\" \/><\/figure><div class=\"elementor-image-box-content\"><h3 class=\"elementor-image-box-title\">Impartido:<\/h3><p class=\"elementor-image-box-description\">Antje y Edwin Eisele<\/p><\/div><\/div>\t\t\t\t<\/div>\n\t\t\t\t<\/div>\n\t\t\t\t<div class=\"elementor-element elementor-element-4a0341d elementor-position-left elementor-vertical-align-middle elementor-widget elementor-widget-image-box\" data-id=\"4a0341d\" data-element_type=\"widget\" data-e-type=\"widget\" data-widget_type=\"image-box.default\">\n\t\t\t\t<div class=\"elementor-widget-container\">\n\t\t\t\t\t<div class=\"elementor-image-box-wrapper\"><figure class=\"elementor-image-box-img\"><img decoding=\"async\" width=\"420\" height=\"420\" src=\"https:\/\/litios.online\/wp-content\/uploads\/2025\/01\/arminda_jack_2.jpg\" class=\"attachment-full size-full wp-image-13667\" alt=\"\" srcset=\"https:\/\/litios.online\/wp-content\/uploads\/2025\/01\/arminda_jack_2.jpg 420w, https:\/\/litios.online\/wp-content\/uploads\/2025\/01\/arminda_jack_2-300x300.jpg 300w, https:\/\/litios.online\/wp-content\/uploads\/2025\/01\/arminda_jack_2-150x150.jpg 150w, https:\/\/litios.online\/wp-content\/uploads\/2025\/01\/arminda_jack_2-100x100.jpg 100w\" sizes=\"(max-width: 420px) 100vw, 420px\" \/><\/figure><div class=\"elementor-image-box-content\"><h3 class=\"elementor-image-box-title\">Organizador y Traducci\u00f3n:<\/h3><p class=\"elementor-image-box-description\">Arminda Jack<\/p><\/div><\/div>\t\t\t\t<\/div>\n\t\t\t\t<\/div>\n\t\t\t\t\t<\/div>\n\t\t<\/div>\n\t\t\t\t\t<\/div>\n\t\t<\/section>\n\t\t\t\t<\/div>\n\t\t","protected":false},"excerpt":{"rendered":"<p><strong>Fecha:<\/strong> S\u00e1b. 26 noviembre 2022<br \/>\n<strong>Horario: <\/strong>S\u00e1b. 14:00 &#8211; 18:30 MEZ<br \/>\n<strong>Lugar:<\/strong> En l\u00ednea a trav\u00e9s de Zoom<br \/>\n<span style=\"font-size: 1px; color: rgba(0, 0, 0, 0);\">&#8230;<\/span><br \/>\nN\u00famero m\u00ednimo de participantes:\u00a010<br \/>\nIncluidos los documentos del seminario<\/p>\n","protected":false},"featured_media":2328,"template":"","meta":{"site-sidebar-layout":"default","site-content-layout":"default","ast-site-content-layout":"default","site-content-style":"default","site-sidebar-style":"default","ast-global-header-display":"","ast-banner-title-visibility":"","ast-main-header-display":"","ast-hfb-above-header-display":"","ast-hfb-below-header-display":"","ast-hfb-mobile-header-display":"","site-post-title":"","ast-breadcrumbs-content":"","ast-featured-img":"","footer-sml-layout":"","ast-disable-related-posts":"","theme-transparent-header-meta":"default","adv-header-id-meta":"","stick-header-meta":"default","header-above-stick-meta":"","header-main-stick-meta":"","header-below-stick-meta":"","astra-migrate-meta-layouts":"set","ast-page-background-enabled":"default","ast-page-background-meta":{"desktop":{"background-color":"","background-image":"","background-repeat":"repeat","background-position":"center center","background-size":"auto","background-attachment":"scroll","background-type":"","background-media":"","overlay-type":"","overlay-color":"","overlay-opacity":"","overlay-gradient":""},"tablet":{"background-color":"","background-image":"","background-repeat":"repeat","background-position":"center center","background-size":"auto","background-attachment":"scroll","background-type":"","background-media":"","overlay-type":"","overlay-color":"","overlay-opacity":"","overlay-gradient":""},"mobile":{"background-color":"","background-image":"","background-repeat":"repeat","background-position":"center center","background-size":"auto","background-attachment":"scroll","background-type":"","background-media":"","overlay-type":"","overlay-color":"","overlay-opacity":"","overlay-gradient":""}},"ast-content-background-meta":{"desktop":{"background-color":"var(--ast-global-color-5)","background-image":"","background-repeat":"repeat","background-position":"center center","background-size":"auto","background-attachment":"scroll","background-type":"","background-media":"","overlay-type":"","overlay-color":"","overlay-opacity":"","overlay-gradient":""},"tablet":{"background-color":"var(--ast-global-color-5)","background-image":"","background-repeat":"repeat","background-position":"center center","background-size":"auto","background-attachment":"scroll","background-type":"","background-media":"","overlay-type":"","overlay-color":"","overlay-opacity":"","overlay-gradient":""},"mobile":{"background-color":"var(--ast-global-color-5)","background-image":"","background-repeat":"repeat","background-position":"center center","background-size":"auto","background-attachment":"scroll","background-type":"","background-media":"","overlay-type":"","overlay-color":"","overlay-opacity":"","overlay-gradient":""}}},"product_brand":[],"product_cat":[126],"product_tag":[],"class_list":{"0":"post-2311","1":"product","2":"type-product","3":"status-publish","4":"has-post-thumbnail","6":"product_cat-seminarios-en-linea","7":"desktop-align-left","8":"tablet-align-left","9":"mobile-align-left","10":"ast-product-gallery-layout-horizontal","11":"ast-product-gallery-with-no-image","13":"first","14":"instock","15":"virtual","16":"sold-individually","17":"taxable","18":"purchasable","19":"product-type-course"},"_links":{"self":[{"href":"https:\/\/litios.online\/es\/wp-json\/wp\/v2\/product\/2311","targetHints":{"allow":["GET"]}}],"collection":[{"href":"https:\/\/litios.online\/es\/wp-json\/wp\/v2\/product"}],"about":[{"href":"https:\/\/litios.online\/es\/wp-json\/wp\/v2\/types\/product"}],"version-history":[{"count":0,"href":"https:\/\/litios.online\/es\/wp-json\/wp\/v2\/product\/2311\/revisions"}],"wp:featuredmedia":[{"embeddable":true,"href":"https:\/\/litios.online\/es\/wp-json\/wp\/v2\/media\/2328"}],"wp:attachment":[{"href":"https:\/\/litios.online\/es\/wp-json\/wp\/v2\/media?parent=2311"}],"wp:term":[{"taxonomy":"product_brand","embeddable":true,"href":"https:\/\/litios.online\/es\/wp-json\/wp\/v2\/product_brand?post=2311"},{"taxonomy":"product_cat","embeddable":true,"href":"https:\/\/litios.online\/es\/wp-json\/wp\/v2\/product_cat?post=2311"},{"taxonomy":"product_tag","embeddable":true,"href":"https:\/\/litios.online\/es\/wp-json\/wp\/v2\/product_tag?post=2311"}],"curies":[{"name":"wp","href":"https:\/\/api.w.org\/{rel}","templated":true}]}}